{"id":150,"date":"2020-04-03T17:17:22","date_gmt":"2020-04-03T15:17:22","guid":{"rendered":"https:\/\/ateliers.blopinterjection.com\/?page_id=150"},"modified":"2022-12-21T11:45:26","modified_gmt":"2022-12-21T10:45:26","slug":"les-parcours-culturels-de-la-ville-de-floirac","status":"publish","type":"page","link":"https:\/\/ateliers.blopinterjection.com\/index.php\/les-parcours-culturels-de-la-ville-de-floirac\/","title":{"rendered":"Les Brigades d&rsquo;Intervention Artistiques In Situ"},"content":{"rendered":"\n<p>Depuis la rentr\u00e9e de septembre 2019, nous intervenons dans le cadre des Parcours Culturels organis\u00e9s par la commune en direction des enseignants et des \u00e9l\u00e8ves des \u00e9coles floiracaises. Nos interventions se font aupr\u00e8s de classe volontaires des \u00e9coles \u00e9l\u00e9mentaires de Floirac.<\/p>\n\n\n\n<p>L&rsquo;objectif est de cr\u00e9er des Brigades th\u00e9\u00e2trales pour la conception et la r\u00e9alisation par des \u00e9l\u00e8ves de cycle 3, d\u2019interventions publiques impromptues qui se font en amont de spectacles s\u00e9lectionn\u00e9s dans la programmation de la saison culturelle jeune public.<\/p>\n\n\n\n<p>Ces brigades interviennent dans les halls d&rsquo;accueil des salles qui accueillent les spectacles, ou en ext\u00e9rieur s&rsquo;il s&rsquo;agit de spectacles de plein air, et sont con\u00e7ues sur la base de petites formes tr\u00e8s condens\u00e9es d&rsquo;une dur\u00e9e n&rsquo;exc\u00e9dant pas 5 minutes.<\/p>\n\n\n\n<p>La composition de ces Brigades est imagin\u00e9e sur la base d&rsquo;effectifs variables correspondant aux groupes classes engag\u00e9s. Un seul groupe classe imagine, con\u00e7oit et r\u00e9alise une brigade pour une intervention publique en lien avec un spectacle choisit dans la programmation jeune public de la saison.<\/p>\n\n\n\n<p>Les interventions \u00ab surprises \u00bb de ses enfants sont pour eux l&rsquo;occasion de se produire en public mais aussi la possibilit\u00e9 de fr\u00e9quenter en famille les salles de spectacle pour y assister \u00e0 une repr\u00e9sentation.<\/p>\n\n\n\n<p>En 2022\/23, 3 brigades ont vu le jour pour une intervention unique : <\/p>\n\n\n\n<ul class=\"wp-block-list\" style=\"font-size:16px\">\n<li>1 classe de l&rsquo;\u00e9cole Jean Jaur\u00e8s interviendra en amont du spectacle \u00ab <strong>Yellel<\/strong> \u00bb par la compagnie <em>Hors s\u00e9rie<\/em>, \u00e0 la M270 de Floirac le 21 octobre 2022,<\/li>\n\n\n\n<li>1 classe de l&rsquo;\u00e9cole Louis Pasteur interviendra en amont du spectacle \u00ab <strong>Maita Chen<\/strong> \u00bb par le groupe <em>Chet Nuneta<\/em>, \u00e0 la M270 de Floirac le 17 novembre 2022,<\/li>\n\n\n\n<li>1 classe de l&rsquo;\u00e9cole Albert Camus interviendra en amont du spectacle \u00ab <strong>A l&rsquo;envers, \u00e0 l&rsquo;endroit<\/strong> \u00bb par la compagnie <em>La Bocca della Luna<\/em>, \u00e0 la M270 de Floirac le 15 mars 2023.<\/li>\n<\/ul>\n\n\n\n<p>Cette ann\u00e9e, et pour la premi\u00e8re fois, les diff\u00e9rentes brigades seront r\u00e9unies afin d&rsquo;\u00e9changer sur leurs diff\u00e9rentes cr\u00e9ations, lors d&rsquo;une journ\u00e9e de rencontre qui se d\u00e9roulera le mardi 21 mars 2023.<\/p>\n","protected":false},"excerpt":{"rendered":"<p>Depuis la rentr\u00e9e de septembre 2019, nous intervenons dans le cadre des Parcours Culturels organis\u00e9s par la commune en direction des enseignants et des \u00e9l\u00e8ves des \u00e9coles floiracaises. Nos interventions se font aupr\u00e8s de classe volontaires des \u00e9coles \u00e9l\u00e9mentaires de<\/p>\n","protected":false},"author":4,"featured_media":0,"parent":0,"menu_order":0,"comment_status":"closed","ping_status":"closed","template":"","meta":{"footnotes":""},"class_list":["post-150","page","type-page","status-publish","hentry"],"_links":{"self":[{"href":"https:\/\/ateliers.blopinterjection.com\/index.php\/wp-json\/wp\/v2\/pages\/150"}],"collection":[{"href":"https:\/\/ateliers.blopinterjection.com\/index.php\/wp-json\/wp\/v2\/pages"}],"about":[{"href":"https:\/\/ateliers.blopinterjection.com\/index.php\/wp-json\/wp\/v2\/types\/page"}],"author":[{"embeddable":true,"href":"https:\/\/ateliers.blopinterjection.com\/index.php\/wp-json\/wp\/v2\/users\/4"}],"replies":[{"embeddable":true,"href":"https:\/\/ateliers.blopinterjection.com\/index.php\/wp-json\/wp\/v2\/comments?post=150"}],"version-history":[{"count":11,"href":"https:\/\/ateliers.blopinterjection.com\/index.php\/wp-json\/wp\/v2\/pages\/150\/revisions"}],"predecessor-version":[{"id":4328,"href":"https:\/\/ateliers.blopinterjection.com\/index.php\/wp-json\/wp\/v2\/pages\/150\/revisions\/4328"}],"wp:attachment":[{"href":"https:\/\/ateliers.blopinterjection.com\/index.php\/wp-json\/wp\/v2\/media?parent=150"}],"curies":[{"name":"wp","href":"https:\/\/api.w.org\/{rel}","templated":true}]}}