{"id":155,"date":"2020-04-03T17:18:45","date_gmt":"2020-04-03T15:18:45","guid":{"rendered":"https:\/\/ateliers.blopinterjection.com\/?page_id=155"},"modified":"2022-12-21T11:59:18","modified_gmt":"2022-12-21T10:59:18","slug":"avec-les-mediatheques-municipales-de-floirac","status":"publish","type":"page","link":"https:\/\/ateliers.blopinterjection.com\/index.php\/avec-les-mediatheques-municipales-de-floirac\/","title":{"rendered":"Avec la M\u00e9diath\u00e8que municipale de Floirac"},"content":{"rendered":"\n<h2 class=\"wp-block-heading\">Aide \u00e0 la mise en sc\u00e8ne<\/h2>\n\n\n\n<p>Un groupe de m\u00e9diath\u00e9caires de la M\u00e9diath\u00e8que de la M270 nous a sollicit\u00e9 afin que nous les aidons \u00e0 mettre en sc\u00e8ne une repr\u00e9sentation d&rsquo;un spectacle qu&rsquo;elles pr\u00e9senteront aupr\u00e8s des \u00e9l\u00e8ves des \u00e9coles \u00e9l\u00e9mentaires de la commune. Il s&rsquo;agira de cr\u00e9er une adaptation \u00e0 la sc\u00e8ne du livre \u00ab\u00a0La princesse au (presque) petit pois\u00a0\u00bb d&rsquo;Eve-Marie Laubriot et Alice Turquois.<\/p>\n\n\n\n<p>Le principe de mise en sc\u00e8ne mettra en \u0153uvre un dispositif m\u00ealant th\u00e9\u00e2tre d&rsquo;objets et ombres chinoises et le spectacle sera jou\u00e9 indiff\u00e9remment et \u00e0 tour de r\u00f4le par chacune des m\u00e9diath\u00e9caires tout au long du premier trimestre 2023.<\/p>\n\n\n\n<h2 class=\"wp-block-heading\">Accueil d&rsquo;auteurs<\/h2>\n\n\n<div class=\"wp-block-image\">\n<figure class=\"aligncenter size-large is-resized\"><img loading=\"lazy\" decoding=\"async\" src=\"https:\/\/ateliers.blopinterjection.com\/wp-content\/uploads\/2020\/04\/IMG_1621-1024x768.jpg\" alt=\"\" class=\"wp-image-319\" width=\"795\" height=\"598\"\/><figcaption class=\"wp-element-caption\"><em>Repr\u00e9sentation Va-t-en-guerre &#8211; M270 Floirac &#8211; mars 2017<\/em><\/figcaption><\/figure><\/div>\n\n\n<p>Au cours de la saison 2016\/2017, nous avons \u00e9t\u00e9 sollicit\u00e9 par la M\u00e9diath\u00e8que Municipale de Floirac dans le cadre de l&rsquo;accueil de Thierry Dedieu, c\u00e9l\u00e8bre et prolifique auteur d&rsquo;albums de litt\u00e9rature pour la jeunesse. A l&rsquo;occasion de sa venue, la m\u00e9diath\u00e8que a souhait\u00e9 lui faire une surprise en lui pr\u00e9sentant un travail sc\u00e9nique qui serait conte et r\u00e9alis\u00e9 \u00e0 partir d&rsquo;un ou plusieurs de ces ouvrages. <\/p>\n\n\n\n<p>Nous avons donc travaill\u00e9 avec les \u00e9l\u00e8ves de deux classes de cours moyen de l&rsquo;\u00e9cole Louis Aragon \u00e0 la conception d&rsquo;un spectacle imagin\u00e9 \u00e0 partir de l&rsquo;album \u00ab Va-t-en-guerre \u00bb.<\/p>\n\n\n\n<p>Ce spectacle chor\u00e9graphique et musical a \u00e9t\u00e9 pr\u00e9sent\u00e9 par les \u00e9l\u00e8ves des deux classes en mars 2017 \u00e0 la salle de spectacle de floirac, <em><strong>la M270-Maison des savoirs partag\u00e9s<\/strong><\/em>, en pr\u00e9sences d&rsquo;un nombreux public, constitu\u00e9 en partie des parents d&rsquo;\u00e9l\u00e8ves.<\/p>\n\n\n\n<p>Un projet similaire a \u00e9t\u00e9 mis en \u0153uvre deux ans plus tard et a \u00e9t\u00e9 r\u00e9alis\u00e9 \u00e0 partir de l&rsquo;album \u00ab La le\u00e7on \u00bb de Micka\u00ebl Escoffier lors de sa venue dans la r\u00e9gion bordelaise en mars 2019. L\u00e0 encore, un spectacle chor\u00e9graphique \u00e0 \u00e9t\u00e9 con\u00e7u et jou\u00e9 par les \u00e9l\u00e8ves de deux classes de cours moyen de l&rsquo;\u00e9cole Louis Aragon.<\/p>\n\n\n\n<h2 class=\"wp-block-heading\">Demain Floirac<\/h2>\n\n\n<div class=\"wp-block-image\">\n<figure class=\"aligncenter size-large is-resized\"><img loading=\"lazy\" decoding=\"async\" src=\"https:\/\/ateliers.blopinterjection.com\/wp-content\/uploads\/2020\/04\/Demain-Floirac-mars-2018-1024x569.png\" alt=\"\" class=\"wp-image-327\" width=\"780\" height=\"433\" srcset=\"https:\/\/ateliers.blopinterjection.com\/wp-content\/uploads\/2020\/04\/Demain-Floirac-mars-2018-1024x569.png 1024w, https:\/\/ateliers.blopinterjection.com\/wp-content\/uploads\/2020\/04\/Demain-Floirac-mars-2018-300x167.png 300w, https:\/\/ateliers.blopinterjection.com\/wp-content\/uploads\/2020\/04\/Demain-Floirac-mars-2018-768x427.png 768w, https:\/\/ateliers.blopinterjection.com\/wp-content\/uploads\/2020\/04\/Demain-Floirac-mars-2018.png 1278w\" sizes=\"(max-width: 780px) 100vw, 780px\" \/><figcaption class=\"wp-element-caption\">Demain Floirac &#8211; mars 2018<\/figcaption><\/figure><\/div>\n\n\n<p>L\u2019\u00e9criture, la cr\u00e9ation, la d\u00e9couverte litt\u00e9raire et artistique s\u2019inscrivent naturellement dans les d\u00e9marches p\u00e9dagogiques et les missions communes aux \u00e9tablissements scolaires du second degr\u00e9 et aux m\u00e9diath\u00e8ques. Par sa forme courte, souvent abord\u00e9e lors de la scolarit\u00e9, la nouvelle appara\u00eet comme un genre litt\u00e9raire envisageable en termes d\u2019\u00e9criture pour des \u00e9l\u00e8ves de coll\u00e8ge. La science-fiction appartient \u00e9galement aux genres couramment \u00e9tudi\u00e9s et para\u00eet d\u2019autant plus appropri\u00e9e \u00e0 un exercice de cr\u00e9ation qu\u2019elle s\u2019inscrit ais\u00e9ment dans la culture des jeunes d\u2019aujourd\u2019hui et laisse une grande place \u00e0 l\u2019imagination et \u00e0 la r\u00e9flexion sur le monde de demain comme celui d\u2019aujourd\u2019hui.&nbsp;<\/p>\n\n\n\n<p>Impuls\u00e9 par la Ville de Floirac \u00ab&nbsp;Demain Floirac&nbsp;\u00bb est un parcours culturel articul\u00e9 autour de l\u2019\u00e9criture par les \u00e9l\u00e8ves de nouvelles de science-fiction. Pour sa premi\u00e8re \u00e9dition, ce parcours a \u00e9t\u00e9 propos\u00e9 aux classes de 3\u00e9me des coll\u00e8ges Georges Rayet et Nelson Mandela de Floirac au cours de l\u2019ann\u00e9e scolaire 2017-2018. Le th\u00e8me \u00e9tait d&rsquo;imaginer la commune de Floirac dans 100 ans&#8230;<\/p>\n\n\n\n<p>Ces \u00e9l\u00e8ves ont ainsi r\u00e9dig\u00e9 deux nouvelles en mode collaboratif, et avec l&rsquo;aide d&rsquo;un auteur, intitul\u00e9es \u00ab Ecorch\u00e9s \u00bb et \u00ab Jungle urbaine \u00bb. Ces deux r\u00e9cits ont fait l&rsquo;objet d&rsquo;une \u00e9dition \u00e0 tirage limit\u00e9 \u00e0 l&rsquo;intention des familles . La M\u00e9diath\u00e8que de Floirac a coordonner le projet et en a assurer le financement. <\/p>\n\n\n\n<p>En tout d\u00e9but de projet, des visites comment\u00e9es autour du patrimoine floiracais ont \u00e9t\u00e9 propos\u00e9s pour d\u00e9couvrir des lieux embl\u00e9matiques de la commune,et la M\u00e9diath\u00e8que a inviter les participants \u00e0 se r\u00e9unir autour de la projection d\u2019un film de science-fiction qui a \u00e9t\u00e9 \u00e9clair\u00e9e par un sp\u00e9cialiste de ce cin\u00e9ma de genre.<\/p>\n\n\n\n<p>Enfin, au printemps, \u00ab&nbsp;Demain Floirac&nbsp;\u00bb s\u2019est achever sur un temps festif \u00e0 la M270 o\u00f9 les coll\u00e9giens ont pu red\u00e9couvrir leur \u0153uvre mise en forme et mise en sc\u00e8ne par le <strong>Collectif<\/strong><em>blOp<\/em>.<\/p>\n\n\n\n<p>Ce spectacle a \u00e9t\u00e9 con\u00e7u, r\u00e9alis\u00e9 et jou\u00e9 par Jean-Philippe Tomasini et Fred Jouveaux et a fait l&rsquo;objet d&rsquo;une repr\u00e9sentation unique en avril 2018.<\/p>\n","protected":false},"excerpt":{"rendered":"<p>Aide \u00e0 la mise en sc\u00e8ne Un groupe de m\u00e9diath\u00e9caires de la M\u00e9diath\u00e8que de la M270 nous a sollicit\u00e9 afin que nous les aidons \u00e0 mettre en sc\u00e8ne une repr\u00e9sentation d&rsquo;un spectacle qu&rsquo;elles pr\u00e9senteront aupr\u00e8s des \u00e9l\u00e8ves des \u00e9coles \u00e9l\u00e9mentaires<\/p>\n","protected":false},"author":4,"featured_media":0,"parent":0,"menu_order":0,"comment_status":"closed","ping_status":"closed","template":"","meta":{"footnotes":""},"class_list":["post-155","page","type-page","status-publish","hentry"],"_links":{"self":[{"href":"https:\/\/ateliers.blopinterjection.com\/index.php\/wp-json\/wp\/v2\/pages\/155"}],"collection":[{"href":"https:\/\/ateliers.blopinterjection.com\/index.php\/wp-json\/wp\/v2\/pages"}],"about":[{"href":"https:\/\/ateliers.blopinterjection.com\/index.php\/wp-json\/wp\/v2\/types\/page"}],"author":[{"embeddable":true,"href":"https:\/\/ateliers.blopinterjection.com\/index.php\/wp-json\/wp\/v2\/users\/4"}],"replies":[{"embeddable":true,"href":"https:\/\/ateliers.blopinterjection.com\/index.php\/wp-json\/wp\/v2\/comments?post=155"}],"version-history":[{"count":11,"href":"https:\/\/ateliers.blopinterjection.com\/index.php\/wp-json\/wp\/v2\/pages\/155\/revisions"}],"predecessor-version":[{"id":4332,"href":"https:\/\/ateliers.blopinterjection.com\/index.php\/wp-json\/wp\/v2\/pages\/155\/revisions\/4332"}],"wp:attachment":[{"href":"https:\/\/ateliers.blopinterjection.com\/index.php\/wp-json\/wp\/v2\/media?parent=155"}],"curies":[{"name":"wp","href":"https:\/\/api.w.org\/{rel}","templated":true}]}}