{"id":157,"date":"2020-04-03T17:19:31","date_gmt":"2020-04-03T15:19:31","guid":{"rendered":"https:\/\/ateliers.blopinterjection.com\/?page_id=157"},"modified":"2020-04-07T12:14:23","modified_gmt":"2020-04-07T10:14:23","slug":"autres-ateliers","status":"publish","type":"page","link":"https:\/\/ateliers.blopinterjection.com\/index.php\/autres-ateliers\/","title":{"rendered":"Autres ateliers"},"content":{"rendered":"\n<p>Vous trouverez dans cette rubrique d&rsquo;autres types d&rsquo;actions de cr\u00e9ation conduite depuis 2013  en direction des publics amateurs, et plus particuli\u00e8rement en direction des \u00e9l\u00e8ves de des enseignements primaire et secondaire.<\/p>\n\n\n\n<p>A l&rsquo;exception du travail qui concerne les \u00e9l\u00e8ves des cycles 1 et 2 de l&rsquo;\u00e9cole Marie Rivier de Fargues Saint-Hilaire, et contrairement aux action d\u00e9crites dans les autres rubriques du site consacr\u00e9 aux ateliers de cr\u00e9ation anim\u00e9s par le <strong>Collectif<\/strong><em>blOp<\/em>, les actions dont il est question sont rarement des actions p\u00e9rennes et ont fait, le plus souvent, l&rsquo;objet d&rsquo;un projet unique et sans lendemain.<\/p>\n\n\n\n<p>Les formes des cr\u00e9ations qui ont r\u00e9sult\u00e9es de ces travaux sont diverses : th\u00e9\u00e2tre, vid\u00e9o, et m\u00eame films promotionnels.<\/p>\n\n\n\n<p>Les types de publics concern\u00e9s par ces actions, majoritairement des \u00e9l\u00e8ves des \u00e9tablissements scolaires de la r\u00e9gion bordelaise ont \u00e9t\u00e9 eux aussi divers : \u00e9l\u00e8ves de maternelle, \u00e9l\u00e8ves de primaire, \u00e9l\u00e8ves de coll\u00e8ge, et en particulier des \u00e9l\u00e8ves de classe SEGPA, mais aussi des \u00e9l\u00e8ves des classes ULIS, coll\u00e8ge et \u00e9l\u00e9mentaire.<\/p>\n","protected":false},"excerpt":{"rendered":"<p>Vous trouverez dans cette rubrique d&rsquo;autres types d&rsquo;actions de cr\u00e9ation conduite depuis 2013 en direction des publics amateurs, et plus particuli\u00e8rement en direction des \u00e9l\u00e8ves de des enseignements primaire et secondaire. A l&rsquo;exception du travail qui concerne les \u00e9l\u00e8ves des<\/p>\n","protected":false},"author":4,"featured_media":0,"parent":0,"menu_order":0,"comment_status":"closed","ping_status":"closed","template":"","meta":{"footnotes":""},"class_list":["post-157","page","type-page","status-publish","hentry"],"_links":{"self":[{"href":"https:\/\/ateliers.blopinterjection.com\/index.php\/wp-json\/wp\/v2\/pages\/157"}],"collection":[{"href":"https:\/\/ateliers.blopinterjection.com\/index.php\/wp-json\/wp\/v2\/pages"}],"about":[{"href":"https:\/\/ateliers.blopinterjection.com\/index.php\/wp-json\/wp\/v2\/types\/page"}],"author":[{"embeddable":true,"href":"https:\/\/ateliers.blopinterjection.com\/index.php\/wp-json\/wp\/v2\/users\/4"}],"replies":[{"embeddable":true,"href":"https:\/\/ateliers.blopinterjection.com\/index.php\/wp-json\/wp\/v2\/comments?post=157"}],"version-history":[{"count":4,"href":"https:\/\/ateliers.blopinterjection.com\/index.php\/wp-json\/wp\/v2\/pages\/157\/revisions"}],"predecessor-version":[{"id":308,"href":"https:\/\/ateliers.blopinterjection.com\/index.php\/wp-json\/wp\/v2\/pages\/157\/revisions\/308"}],"wp:attachment":[{"href":"https:\/\/ateliers.blopinterjection.com\/index.php\/wp-json\/wp\/v2\/media?parent=157"}],"curies":[{"name":"wp","href":"https:\/\/api.w.org\/{rel}","templated":true}]}}