{"id":289,"date":"2020-04-05T16:09:06","date_gmt":"2020-04-05T14:09:06","guid":{"rendered":"https:\/\/ateliers.blopinterjection.com\/?page_id=289"},"modified":"2020-04-05T16:36:44","modified_gmt":"2020-04-05T14:36:44","slug":"avec-la-commune-de-floirac","status":"publish","type":"page","link":"https:\/\/ateliers.blopinterjection.com\/index.php\/avec-la-commune-de-floirac\/","title":{"rendered":"Avec la commune de Floirac"},"content":{"rendered":"\n<p>D\u00e8s l&rsquo;origine, le <strong>Collectif<\/strong><em>blOp<\/em> a cherch\u00e9 \u00e0 d\u00e9velopper ses actions sur le territoire de la commune de Floirac o\u00f9 il a son si\u00e8ge social. Ainsi, depuis 2014, diff\u00e9rentes actions ont \u00e9t\u00e9 conduites en partenariat avec le Service Culturel municipal, avec la M\u00e9diath\u00e8que Municipale et avec l&rsquo;Ecole Municipale de Musique et de Danse.<\/p>\n\n\n\n<p>Apr\u00e8s avoir assur\u00e9 pendant 3 ans une pr\u00e9sence active aupr\u00e8s des \u00e9l\u00e8ves des \u00e9coles \u00e9l\u00e9mentaires de la commune dans le cadre des TAP, les artistes du Collectif ont collabor\u00e9 plus \u00e9troitement avec les \u00e9coles \u00e9l\u00e9mentaires de Floirac.<\/p>\n\n\n\n<p>Ainsi, depuis 2019, nous intervenons dans le cadre des Parcours Culturels organis\u00e9s par la commune en direction des \u00e9coles floiracaises pour y d\u00e9velopper avec les \u00e9l\u00e8ves des classes concern\u00e9es des <a href=\"https:\/\/ateliers.blopinterjection.com\/index.php\/les-parcours-culturels-de-la-ville-de-floirac\/\">Brigades d&rsquo;interventions Artistiques <em>Is Situ<\/em><\/a>.<\/p>\n\n\n\n<p>D&rsquo;autres actions ont eu lieu en lien avec les diff\u00e9rents services municipaux d\u00e9pendant de la Direction de l&rsquo;action culturelle : projets de cr\u00e9ation dans le cadre d&rsquo;accueils d&rsquo;auteurs \u00e0 la M\u00e9diath\u00e8que de Floirac, cr\u00e9ation d&rsquo;un spectacle dans le cadre d&rsquo;un projet d&rsquo;\u00e9criture en direction des coll\u00e9giens de la commune (\u00ab <strong><em>Demain Floirac<\/em><\/strong> \u00bb), collaborations avec l&rsquo;Ecole Municipale de Musique et de Danse&#8230;<\/p>\n\n\n\n<p>Ces diff\u00e9rentes actions sont \u00e0 consulter dans les diff\u00e9rentes rubriques concern\u00e9es :<\/p>\n\n\n\n<p>Les Brigades d&rsquo;Interventions Artistiques <em>In Situ<\/em><\/p>\n\n\n\n<span class='maxbutton-1-container mb-container'><a class=\"maxbutton-1 maxbutton maxbutton-les-ateliers-de-blop\" title=\"Les ateliers de blOp\" rel=\"nofollow noopener\" href=\"https:\/\/ateliers.blopinterjection.com\/index.php\/les-parcours-culturels-de-la-ville-de-floirac\/\"><span class='mb-text'>Les B.I.A.I.S.<\/span><\/a><\/span>\n\n\n\n<p>   <\/p>\n\n\n\n<p>   <\/p>\n\n\n\n<p>Avec la M\u00e9diath\u00e8que Municipale<\/p>\n\n\n\n<span class='maxbutton-1-container mb-container'><a class=\"maxbutton-1 maxbutton maxbutton-les-ateliers-de-blop\" title=\"Les ateliers de blOp\" rel=\"nofollow noopener\" href=\"https:\/\/ateliers.blopinterjection.com\/index.php\/avec-les-mediatheques-municipales-de-floirac\/\"><span class='mb-text'>Avec la M\u00e9diath\u00e8que<\/span><\/a><\/span>\n\n\n\n<p>   <\/p>\n\n\n\n<p>   <\/p>\n\n\n\n<p>Avec L&rsquo;Ecole Municipale de Musique et de Danse <\/p>\n\n\n\n<span class='maxbutton-1-container mb-container'><a class=\"maxbutton-1 maxbutton maxbutton-les-ateliers-de-blop\" title=\"Les ateliers de blOp\" rel=\"nofollow noopener\" href=\"https:\/\/ateliers.blopinterjection.com\/index.php\/avec-lemmd-de-floirac\/\"><span class='mb-text'>Avec l&#039;E.M.M.D.<\/span><\/a><\/span>\n","protected":false},"excerpt":{"rendered":"<p>D\u00e8s l&rsquo;origine, le CollectifblOp a cherch\u00e9 \u00e0 d\u00e9velopper ses actions sur le territoire de la commune de Floirac o\u00f9 il a son si\u00e8ge social. Ainsi, depuis 2014, diff\u00e9rentes actions ont \u00e9t\u00e9 conduites en partenariat avec le Service Culturel municipal, avec<\/p>\n","protected":false},"author":4,"featured_media":0,"parent":0,"menu_order":0,"comment_status":"closed","ping_status":"closed","template":"","meta":{"footnotes":""},"class_list":["post-289","page","type-page","status-publish","hentry"],"_links":{"self":[{"href":"https:\/\/ateliers.blopinterjection.com\/index.php\/wp-json\/wp\/v2\/pages\/289"}],"collection":[{"href":"https:\/\/ateliers.blopinterjection.com\/index.php\/wp-json\/wp\/v2\/pages"}],"about":[{"href":"https:\/\/ateliers.blopinterjection.com\/index.php\/wp-json\/wp\/v2\/types\/page"}],"author":[{"embeddable":true,"href":"https:\/\/ateliers.blopinterjection.com\/index.php\/wp-json\/wp\/v2\/users\/4"}],"replies":[{"embeddable":true,"href":"https:\/\/ateliers.blopinterjection.com\/index.php\/wp-json\/wp\/v2\/comments?post=289"}],"version-history":[{"count":7,"href":"https:\/\/ateliers.blopinterjection.com\/index.php\/wp-json\/wp\/v2\/pages\/289\/revisions"}],"predecessor-version":[{"id":299,"href":"https:\/\/ateliers.blopinterjection.com\/index.php\/wp-json\/wp\/v2\/pages\/289\/revisions\/299"}],"wp:attachment":[{"href":"https:\/\/ateliers.blopinterjection.com\/index.php\/wp-json\/wp\/v2\/media?parent=289"}],"curies":[{"name":"wp","href":"https:\/\/api.w.org\/{rel}","templated":true}]}}