{"id":30,"date":"2020-03-20T19:32:45","date_gmt":"2020-03-20T18:32:45","guid":{"rendered":"http:\/\/ateliers.blopinterjection.com\/?page_id=30"},"modified":"2021-10-03T21:36:43","modified_gmt":"2021-10-03T19:36:43","slug":"les-barre-e-s-point-barre","status":"publish","type":"page","link":"https:\/\/ateliers.blopinterjection.com\/index.php\/les-barre-e-s-point-barre\/","title":{"rendered":"Les Barr\u00e9.e.s, point barre"},"content":{"rendered":"\n<h2 class=\"wp-block-heading\"><strong>Octoch\u0153ur<\/strong><em>\u00e0<\/em><strong>environ<\/strong><em>quarante<\/em><strong>six<\/strong><em>cordes<\/em><\/h2>\n\n\n\n<figure class=\"wp-block-image size-large\"><img loading=\"lazy\" decoding=\"async\" width=\"1024\" height=\"683\" src=\"https:\/\/ateliers.blopinterjection.com\/wp-content\/uploads\/2020\/04\/25.01.2020.-\u00a9-Ana\u00efs-Sibelait_6-1024x683-1.jpg\" alt=\"\" class=\"wp-image-282\" srcset=\"https:\/\/ateliers.blopinterjection.com\/wp-content\/uploads\/2020\/04\/25.01.2020.-\u00a9-Ana\u00efs-Sibelait_6-1024x683-1.jpg 1024w, https:\/\/ateliers.blopinterjection.com\/wp-content\/uploads\/2020\/04\/25.01.2020.-\u00a9-Ana\u00efs-Sibelait_6-1024x683-1-300x200.jpg 300w, https:\/\/ateliers.blopinterjection.com\/wp-content\/uploads\/2020\/04\/25.01.2020.-\u00a9-Ana\u00efs-Sibelait_6-1024x683-1-768x512.jpg 768w\" sizes=\"(max-width: 1024px) 100vw, 1024px\" \/><\/figure>\n\n\n\n<p>En f\u00e9vrier 2019 a d\u00e9but\u00e9 un atelier de cr\u00e9ation musicale initi\u00e9 par le Collectif blOp (interjection).<\/p>\n\n\n\n<p>Il avait pour objectif la mise en place du groupe <em><strong>Les Barr\u00e9.e.s, point barre <\/strong><\/em>anciennement connus comme<em> les barr\u00e9s du \u00ab\u00a0hublot \u00e0 bascule dont on taira le nom\u00a0\u00bb.<\/em><\/p>\n\n\n\n<p>Organis\u00e9 autour de la guitare acoustique (folk, nylon,etc.) et  instruments assimil\u00e9s (ukulele, tres, guitare \u00e0 7 cordes, charango etc.)  et de la voix, ce groupe \u00e9tait  constitu\u00e9 de 8 musiciens.<\/p>\n\n\n\n<p>Le r\u00e9pertoire se composait de reprises tir\u00e9es du rock, de la pop, de la  folk, sans que cela soit exclusif, ainsi que de compositions  originales, arrang\u00e9es pour cette instrumentation uniquement acoustique.<\/p>\n\n\n\n<p>Cet atelier avait lieu deux fois par mois, le mardi ou le samedi soir, et  a d\u00e9bouch\u00e9 en juillet 2019 sur un premier concert \u00e9ponyme au bar l\u2019<em>\u0152nolimit<\/em> \u00e0  Bordeaux, puis sur un deuxi\u00e8me spectacle \u00e0 Vassieux-en-Vercors intitul\u00e9  l\u2019<em>Endroit du Vercors<\/em>.<\/p>\n\n\n\n<p>Une reprise de l\u2019atelier en septembre a permis d\u2019aboutir \u00e0  un nouveau concert fin janvier 2020 \u00e0 l\u2019<em>\u0152nolimit<\/em> avec d\u2019une part un  r\u00e9pertoire augment\u00e9 de nouvelles chansons et enrichi d\u2019un travail  d\u2019harmonisation \u00e0 4 voix.<\/p>\n\n\n\n<p>Comme pour tout le monde, 2020 fut ensuite perturb\u00e9 pour <strong><em>Les Barr\u00e9.e.s<\/em><\/strong> mais les ateliers ont repris apr\u00e8s le d\u00e9confinement puis \u00e0 la rentr\u00e9e de septembre, et un concert a eu lieu le 10 juillet 2021 au Garage Moderne.<\/p>\n\n\n\n<p><\/p>\n","protected":false},"excerpt":{"rendered":"<p>Octoch\u0153ur\u00e0environquarantesixcordes En f\u00e9vrier 2019 a d\u00e9but\u00e9 un atelier de cr\u00e9ation musicale initi\u00e9 par le Collectif blOp (interjection). Il avait pour objectif la mise en place du groupe Les Barr\u00e9.e.s, point barre anciennement connus comme les barr\u00e9s du \u00ab\u00a0hublot \u00e0 bascule<\/p>\n","protected":false},"author":4,"featured_media":0,"parent":0,"menu_order":0,"comment_status":"closed","ping_status":"closed","template":"","meta":{"footnotes":""},"class_list":["post-30","page","type-page","status-publish","hentry"],"_links":{"self":[{"href":"https:\/\/ateliers.blopinterjection.com\/index.php\/wp-json\/wp\/v2\/pages\/30"}],"collection":[{"href":"https:\/\/ateliers.blopinterjection.com\/index.php\/wp-json\/wp\/v2\/pages"}],"about":[{"href":"https:\/\/ateliers.blopinterjection.com\/index.php\/wp-json\/wp\/v2\/types\/page"}],"author":[{"embeddable":true,"href":"https:\/\/ateliers.blopinterjection.com\/index.php\/wp-json\/wp\/v2\/users\/4"}],"replies":[{"embeddable":true,"href":"https:\/\/ateliers.blopinterjection.com\/index.php\/wp-json\/wp\/v2\/comments?post=30"}],"version-history":[{"count":24,"href":"https:\/\/ateliers.blopinterjection.com\/index.php\/wp-json\/wp\/v2\/pages\/30\/revisions"}],"predecessor-version":[{"id":380,"href":"https:\/\/ateliers.blopinterjection.com\/index.php\/wp-json\/wp\/v2\/pages\/30\/revisions\/380"}],"wp:attachment":[{"href":"https:\/\/ateliers.blopinterjection.com\/index.php\/wp-json\/wp\/v2\/media?parent=30"}],"curies":[{"name":"wp","href":"https:\/\/api.w.org\/{rel}","templated":true}]}}