{"id":32,"date":"2020-03-20T19:33:48","date_gmt":"2020-03-20T18:33:48","guid":{"rendered":"http:\/\/ateliers.blopinterjection.com\/?page_id=32"},"modified":"2020-04-07T12:53:42","modified_gmt":"2020-04-07T10:53:42","slug":"ateliers-theatre","status":"publish","type":"page","link":"https:\/\/ateliers.blopinterjection.com\/index.php\/ateliers-theatre\/","title":{"rendered":"Ateliers th\u00e9\u00e2tre"},"content":{"rendered":"\n<h3 class=\"wp-block-heading\"><strong>Des ateliers de pratique amateure&nbsp;ouverts \u00e0 tou.te.s<\/strong><\/h3>\n\n\n\n<p> <\/p>\n\n\n\n<div class=\"wp-block-image\"><figure class=\"aligncenter is-resized\"><img loading=\"lazy\" decoding=\"async\" src=\"https:\/\/blopinterjection.com\/wp-content\/uploads\/2017\/01\/IMG_3438.png\" alt=\"\" class=\"wp-image-1683\" width=\"696\" height=\"383\"\/><figcaption><em>atelier th\u00e9\u00e2tre enfants 2015\/2016 \u2013&nbsp;photo Fred Jouveaux<\/em><\/figcaption><\/figure><\/div>\n\n\n\n<p>   <\/p>\n\n\n\n<p>Fid\u00e8le \u00e0 son engagement, le <strong>Collectif<\/strong><em>blOp<\/em> est pr\u00e9sent sur le terrain des pratiques amateures et participe \u00e0 l&rsquo;ouverture des pratiques culturelles et artistiques en direction du plus grand nombre.<\/p>\n\n\n\n<p>Ainsi, plusieurs ateliers de cr\u00e9ation th\u00e9\u00e2trale sont anim\u00e9s par les artistes professionnels du Collectif. Ces ateliers sont&nbsp;ouverts \u00e0 toutes les  personnes de bonne volont\u00e9 d\u00e9sireuses de s\u2019engager dans des projets collectifs de cr\u00e9ation artistique, qu\u2019elles soient exp\u00e9riment\u00e9es ou  novices dans le domaine du spectacle vivant, qu&rsquo;il s&rsquo;agisse de particuliers ou d&rsquo;enseignants d\u00e9sireux d&rsquo;impliquer leurs \u00e9l\u00e8ves dans des projets de cr\u00e9ation.<\/p>\n\n\n\n<p>Ces ateliers, d\u00e9bouchent lors de chaque fin d&rsquo;exercice sur une ou plusieurs repr\u00e9sentations publiques, et donnent lieu, le plus souvent, \u00e0 l&rsquo;\u00e9criture d&rsquo;un texte original.<\/p>\n\n\n\n<p>En ce qui concerne les ateliers dont le <strong>Collectif<\/strong><em>blOp<\/em> est l&rsquo;organisateur, il est demand\u00e9 aux participants d&rsquo;adh\u00e9rer \u00e0 l&rsquo;association Collectif blOp (interjection). Le montant  de l\u2019adh\u00e9sion pour chaque exercice est libre \u00e0 partir de 5,00&nbsp;\u20ac.<\/p>\n\n\n\n<p>Nous intervenons \u00e9galement chaque saison pour animer&nbsp;des ateliers de cr\u00e9ation th\u00e9\u00e2trale  aupr\u00e8s des \u00e9l\u00e8ves de plusieurs \u00e9tablissements scolaires proches de  l\u2019agglom\u00e9ration bordelaise, tant au niveau primaire qu\u2019au niveau secondaire.<\/p>\n\n\n\n<p><\/p>\n\n\n\n<p>Globalement, on peut d\u00e9crire l\u2019ensemble de ces activit\u00e9s suivant 3 axes distincts :<\/p>\n\n\n\n<p>Les ateliers dont le <strong>Collectif<\/strong><em>blOp<\/em> est l&rsquo;organisateur<\/p>\n\n\n\n<span class='maxbutton-1-container mb-container'><a class=\"maxbutton-1 maxbutton maxbutton-les-ateliers-de-blop\" title=\"Les ateliers de blOp\" rel=\"nofollow noopener\" href=\"https:\/\/ateliers.blopinterjection.com\/index.php\/ateliers-theatre\/atelier-floirac\/\"><span class='mb-text'>Les ateliers de blOp<\/span><\/a><\/span>\n\n\n\n<p>   <\/p>\n\n\n\n<p>Les ateliers en direction des \u00e9l\u00e8ves de coll\u00e8ge<\/p>\n\n\n\n<span class='maxbutton-1-container mb-container'><a class=\"maxbutton-1 maxbutton maxbutton-les-ateliers-de-blop\" title=\"Les ateliers de blOp\" rel=\"nofollow noopener\" href=\"https:\/\/ateliers.blopinterjection.com\/index.php\/ateliers-theatre\/atelier-theatre-chamberry\/\"><span class='mb-text'>blOp au coll\u00e8ge<\/span><\/a><\/span>\n\n\n\n<p>   <\/p>\n\n\n\n<p>Les ateliers en direction des \u00e9l\u00e8ves de l&rsquo;\u00e9cole primaire<\/p>\n\n\n\n<span class='maxbutton-1-container mb-container'><a class=\"maxbutton-1 maxbutton maxbutton-les-ateliers-de-blop\" title=\"Les ateliers de blOp\" rel=\"nofollow noopener\" href=\"https:\/\/ateliers.blopinterjection.com\/index.php\/ateliers-theatre\/atelier-theatre-fargues\/\"><span class='mb-text'>blOp \u00e0 l&#039;\u00e9cole \u00e9l\u00e9mentaire<\/span><\/a><\/span>\n\n\n\n<p> <\/p>\n","protected":false},"excerpt":{"rendered":"<p>Des ateliers de pratique amateure&nbsp;ouverts \u00e0 tou.te.s Fid\u00e8le \u00e0 son engagement, le CollectifblOp est pr\u00e9sent sur le terrain des pratiques amateures et participe \u00e0 l&rsquo;ouverture des pratiques culturelles et artistiques en direction du plus grand nombre. Ainsi, plusieurs ateliers de<\/p>\n","protected":false},"author":4,"featured_media":0,"parent":0,"menu_order":0,"comment_status":"closed","ping_status":"closed","template":"","meta":{"footnotes":""},"class_list":["post-32","page","type-page","status-publish","hentry"],"_links":{"self":[{"href":"https:\/\/ateliers.blopinterjection.com\/index.php\/wp-json\/wp\/v2\/pages\/32"}],"collection":[{"href":"https:\/\/ateliers.blopinterjection.com\/index.php\/wp-json\/wp\/v2\/pages"}],"about":[{"href":"https:\/\/ateliers.blopinterjection.com\/index.php\/wp-json\/wp\/v2\/types\/page"}],"author":[{"embeddable":true,"href":"https:\/\/ateliers.blopinterjection.com\/index.php\/wp-json\/wp\/v2\/users\/4"}],"replies":[{"embeddable":true,"href":"https:\/\/ateliers.blopinterjection.com\/index.php\/wp-json\/wp\/v2\/comments?post=32"}],"version-history":[{"count":38,"href":"https:\/\/ateliers.blopinterjection.com\/index.php\/wp-json\/wp\/v2\/pages\/32\/revisions"}],"predecessor-version":[{"id":322,"href":"https:\/\/ateliers.blopinterjection.com\/index.php\/wp-json\/wp\/v2\/pages\/32\/revisions\/322"}],"wp:attachment":[{"href":"https:\/\/ateliers.blopinterjection.com\/index.php\/wp-json\/wp\/v2\/media?parent=32"}],"curies":[{"name":"wp","href":"https:\/\/api.w.org\/{rel}","templated":true}]}}