{"id":339,"date":"2020-09-14T10:44:12","date_gmt":"2020-09-14T08:44:12","guid":{"rendered":"https:\/\/ateliers.blopinterjection.com\/?page_id=339"},"modified":"2021-10-24T08:42:29","modified_gmt":"2021-10-24T06:42:29","slug":"cordes-sur-table","status":"publish","type":"page","link":"https:\/\/ateliers.blopinterjection.com\/index.php\/cordes-sur-table\/","title":{"rendered":"Cordes sur table"},"content":{"rendered":"\n<h2 class=\"wp-block-heading\"><strong>Formes<\/strong><em>r\u00e9duites<\/em><\/h2>\n\n\n\n<p>Cordes sur table est un projet d\u2019ateliers de cr\u00e9ation de formes r\u00e9duites (duos, trios ou quatuors) autour de la guitare acoustique et d&rsquo;instruments de la m\u00eame famille (ukulele, banjo, etc.) d\u00e9marr\u00e9 \u00e0 la rentr\u00e9e 2020\/2021.<\/p>\n\n\n\n<p>Les r\u00e9p\u00e9titions ont lieu toute l\u2019ann\u00e9e \u00e0 raison de 2 \u00e0 4 heures par mois selon les cas.<\/p>\n\n\n\n<p>Une premi\u00e8re repr\u00e9sentation aura lieu fin 2022.<\/p>\n","protected":false},"excerpt":{"rendered":"<p>Formesr\u00e9duites Cordes sur table est un projet d\u2019ateliers de cr\u00e9ation de formes r\u00e9duites (duos, trios ou quatuors) autour de la guitare acoustique et d&rsquo;instruments de la m\u00eame famille (ukulele, banjo, etc.) d\u00e9marr\u00e9 \u00e0 la rentr\u00e9e 2020\/2021. Les r\u00e9p\u00e9titions ont lieu<\/p>\n","protected":false},"author":4,"featured_media":0,"parent":0,"menu_order":0,"comment_status":"closed","ping_status":"closed","template":"","meta":{"footnotes":""},"class_list":["post-339","page","type-page","status-publish","hentry"],"_links":{"self":[{"href":"https:\/\/ateliers.blopinterjection.com\/index.php\/wp-json\/wp\/v2\/pages\/339"}],"collection":[{"href":"https:\/\/ateliers.blopinterjection.com\/index.php\/wp-json\/wp\/v2\/pages"}],"about":[{"href":"https:\/\/ateliers.blopinterjection.com\/index.php\/wp-json\/wp\/v2\/types\/page"}],"author":[{"embeddable":true,"href":"https:\/\/ateliers.blopinterjection.com\/index.php\/wp-json\/wp\/v2\/users\/4"}],"replies":[{"embeddable":true,"href":"https:\/\/ateliers.blopinterjection.com\/index.php\/wp-json\/wp\/v2\/comments?post=339"}],"version-history":[{"count":7,"href":"https:\/\/ateliers.blopinterjection.com\/index.php\/wp-json\/wp\/v2\/pages\/339\/revisions"}],"predecessor-version":[{"id":400,"href":"https:\/\/ateliers.blopinterjection.com\/index.php\/wp-json\/wp\/v2\/pages\/339\/revisions\/400"}],"wp:attachment":[{"href":"https:\/\/ateliers.blopinterjection.com\/index.php\/wp-json\/wp\/v2\/media?parent=339"}],"curies":[{"name":"wp","href":"https:\/\/api.w.org\/{rel}","templated":true}]}}