{"id":381,"date":"2021-10-03T21:43:36","date_gmt":"2021-10-03T19:43:36","guid":{"rendered":"https:\/\/ateliers.blopinterjection.com\/?page_id=381"},"modified":"2021-10-03T21:46:09","modified_gmt":"2021-10-03T19:46:09","slug":"ateliers-voyageurs","status":"publish","type":"page","link":"https:\/\/ateliers.blopinterjection.com\/index.php\/ateliers-voyageurs\/","title":{"rendered":"Ateliers voyageurs"},"content":{"rendered":"\n<p><em>Les ateliers voyageurs sont une succession de modules de 3h regroup\u00e9s sur une br\u00e8ve p\u00e9riode de temps, g\u00e9n\u00e9ralement une semaine en \u00e9t\u00e9.<\/em><\/p>\n\n\n\n<p><em>Ils<\/em> <em>d\u00e9bouchent sur une production, qui prend la forme d\u2019un mini-concert ou d\u2019un enregistrement de fin de session.<\/em><\/p>\n\n\n\n<h2 class=\"wp-block-heading\"><em>LE PROGRAMME<\/em><\/h2>\n\n\n\n<p><em>Chaque jour sont propos\u00e9s diff\u00e9rents ateliers de une \u00e0 trois heures de dur\u00e9e : ateliers rythme, harmonie, travail de l\u2019oreille, r\u00e9p\u00e9tition en groupe d&rsquo;un morceau\u2026<br>A chaque fois, le morceau propos\u00e9 est pr\u00e9texte \u00e0 de multiples et collectives d\u00e9couvertes, digressions, prises de t\u00eate, de doigts, de risques harmoniques et rythmiques.<br>Avec pour pr\u00e9-requis indispensable la volont\u00e9 de partager avec les autres (pas uniquement sur la musique), quels que soient les niveaux, les go\u00fbts musicaux et les personnalit\u00e9s.<\/em><\/p>\n\n\n\n<p><em>Le choix des morceaux essaie d\u2019\u00eatre le plus \u00e9clectique possible, \u00e0 l\u2019\u00e9coute de toute proposition.<\/em><\/p>\n\n\n\n<h2 class=\"wp-block-heading\"><em>LE LIEU<\/em><\/h2>\n\n\n\n<p><em>Nous cherchons \u00e0 chaque fois un lieu paisible et proche de la nature pour h\u00e9berger le stage, o\u00f9 l\u2019on puisse jouer \u00e0 loisir.<\/em><\/p>\n\n\n\n<p><em>Nos pr\u00e9c\u00e9dents stages nous ont conduit dans le Gers, dans l\u2019Aude, en Aragon (!), dans les Vosges, dans l\u2019Entredeux-Mers (Gironde), \u00e0 Montr\u00e9al, en Suisse, dans le Vercors, en Bretagne, dans le Lot\u2026<\/em><\/p>\n","protected":false},"excerpt":{"rendered":"<p>Les ateliers voyageurs sont une succession de modules de 3h regroup\u00e9s sur une br\u00e8ve p\u00e9riode de temps, g\u00e9n\u00e9ralement une semaine en \u00e9t\u00e9. Ils d\u00e9bouchent sur une production, qui prend la forme d\u2019un mini-concert ou d\u2019un enregistrement de fin de session.<\/p>\n","protected":false},"author":4,"featured_media":0,"parent":0,"menu_order":0,"comment_status":"closed","ping_status":"closed","template":"","meta":{"footnotes":""},"class_list":["post-381","page","type-page","status-publish","hentry"],"_links":{"self":[{"href":"https:\/\/ateliers.blopinterjection.com\/index.php\/wp-json\/wp\/v2\/pages\/381"}],"collection":[{"href":"https:\/\/ateliers.blopinterjection.com\/index.php\/wp-json\/wp\/v2\/pages"}],"about":[{"href":"https:\/\/ateliers.blopinterjection.com\/index.php\/wp-json\/wp\/v2\/types\/page"}],"author":[{"embeddable":true,"href":"https:\/\/ateliers.blopinterjection.com\/index.php\/wp-json\/wp\/v2\/users\/4"}],"replies":[{"embeddable":true,"href":"https:\/\/ateliers.blopinterjection.com\/index.php\/wp-json\/wp\/v2\/comments?post=381"}],"version-history":[{"count":2,"href":"https:\/\/ateliers.blopinterjection.com\/index.php\/wp-json\/wp\/v2\/pages\/381\/revisions"}],"predecessor-version":[{"id":384,"href":"https:\/\/ateliers.blopinterjection.com\/index.php\/wp-json\/wp\/v2\/pages\/381\/revisions\/384"}],"wp:attachment":[{"href":"https:\/\/ateliers.blopinterjection.com\/index.php\/wp-json\/wp\/v2\/media?parent=381"}],"curies":[{"name":"wp","href":"https:\/\/api.w.org\/{rel}","templated":true}]}}