{"id":42,"date":"2020-03-20T21:29:33","date_gmt":"2020-03-20T20:29:33","guid":{"rendered":"http:\/\/ateliers.blopinterjection.com\/?page_id=42"},"modified":"2024-11-06T11:57:38","modified_gmt":"2024-11-06T10:57:38","slug":"atelier-theatre-chamberry","status":"publish","type":"page","link":"https:\/\/ateliers.blopinterjection.com\/index.php\/ateliers-theatre\/atelier-theatre-chamberry\/","title":{"rendered":"Atelier th\u00e9\u00e2tre Coll\u00e8ge Chamb\u00e9ry"},"content":{"rendered":"\n<p>D\u00e8s le lancement du<strong> Collectif<\/strong><em>blOp<\/em> en 2013, nous sommes intervenus aupr\u00e8s des \u00e9l\u00e8ves du coll\u00e8ge Chamb\u00e9ry \u00e0 Villenave d&rsquo;Ornon (33) pour y concevoir et mettre en sc\u00e8ne une cr\u00e9ation th\u00e9\u00e2trale originale. La participation des \u00e9l\u00e8ves \u00e0 cet atelier de pratique artistique se fait sur la base du volontariat.<\/p>\n\n\n\n<p>Ainsi, chaque ann\u00e9e, c&rsquo;est une douzaine d&rsquo;\u00e9l\u00e8ves qui ont l&rsquo;occasion de se produire lors d&rsquo;une repr\u00e9sentation publique unique qui se d\u00e9roule dans la salle vid\u00e9o du coll\u00e8ge en juin.<\/p>\n\n\n\n<p>Les \u00e9l\u00e8ves participant \u00e0 cet atelier ont en outre l&rsquo;occasion de compl\u00e9ter leurs connaissances des arts de la sc\u00e8ne en assistant tout au long de l&rsquo;ann\u00e9e scolaire \u00e0 trois repr\u00e9sentations de diff\u00e9rents spectacles donn\u00e9s au Th\u00e9\u00e2tre des 4 saisons de Gradignan (33) ou au Cube \u00e0 Villenave d&rsquo;Ornon (33). Ainsi, ils ont l&rsquo;occasion de d\u00e9couvrir des formes d&rsquo;expression tr\u00e8s vari\u00e9e, qui vont bien au-del\u00e0 de la simple pratique du th\u00e9\u00e2tre : danse, marionnettes, arts du cirque, art clownesque&#8230;<\/p>\n\n\n\n<p>Cet atelier qui se d\u00e9roule suivant une fr\u00e9quence hebdomadaire, est encadr\u00e9 par une \u00e9quipe d&rsquo;enseignantes du coll\u00e8ge. Le choix a \u00e9t\u00e9 fait de travailler \u00e0 partir de textes d&rsquo;auteurs contemporains et d&rsquo;imaginer des adaptations qui soient en rapport avec la constitution de ce groupe de jeunes com\u00e9dien.ne.s. Des s\u00e9ances de r\u00e9p\u00e9titions suppl\u00e9mentaires se d\u00e9roulent juste en amont de la repr\u00e9sentation, y compris le week-end, ce qui t\u00e9moigne de l&rsquo;engagement des enseignants, des \u00e9l\u00e8ves et de l&rsquo;\u00e9tablissement pour que cet atelier soit men\u00e9 dans des conditions optimums.<\/p>\n\n\n\n<p>Le spectacle de 2025 sera un montage du textes autour du conte du Petit Poucet. Le spectacle s&rsquo;intitulera \u00ab\u00a0\u00c0 propos de Poucet\u00a0\u00bb. Une repr\u00e9sentation unique se d\u00e9roulera le lundi 16 juin 2025 dans la salle vid\u00e9o du coll\u00e8ge.<\/p>\n","protected":false},"excerpt":{"rendered":"<p>D\u00e8s le lancement du CollectifblOp en 2013, nous sommes intervenus aupr\u00e8s des \u00e9l\u00e8ves du coll\u00e8ge Chamb\u00e9ry \u00e0 Villenave d&rsquo;Ornon (33) pour y concevoir et mettre en sc\u00e8ne une cr\u00e9ation th\u00e9\u00e2trale originale. La participation des \u00e9l\u00e8ves \u00e0 cet atelier de pratique<\/p>\n","protected":false},"author":4,"featured_media":0,"parent":32,"menu_order":0,"comment_status":"closed","ping_status":"closed","template":"","meta":{"footnotes":""},"class_list":["post-42","page","type-page","status-publish","hentry"],"_links":{"self":[{"href":"https:\/\/ateliers.blopinterjection.com\/index.php\/wp-json\/wp\/v2\/pages\/42"}],"collection":[{"href":"https:\/\/ateliers.blopinterjection.com\/index.php\/wp-json\/wp\/v2\/pages"}],"about":[{"href":"https:\/\/ateliers.blopinterjection.com\/index.php\/wp-json\/wp\/v2\/types\/page"}],"author":[{"embeddable":true,"href":"https:\/\/ateliers.blopinterjection.com\/index.php\/wp-json\/wp\/v2\/users\/4"}],"replies":[{"embeddable":true,"href":"https:\/\/ateliers.blopinterjection.com\/index.php\/wp-json\/wp\/v2\/comments?post=42"}],"version-history":[{"count":15,"href":"https:\/\/ateliers.blopinterjection.com\/index.php\/wp-json\/wp\/v2\/pages\/42\/revisions"}],"predecessor-version":[{"id":4350,"href":"https:\/\/ateliers.blopinterjection.com\/index.php\/wp-json\/wp\/v2\/pages\/42\/revisions\/4350"}],"up":[{"embeddable":true,"href":"https:\/\/ateliers.blopinterjection.com\/index.php\/wp-json\/wp\/v2\/pages\/32"}],"wp:attachment":[{"href":"https:\/\/ateliers.blopinterjection.com\/index.php\/wp-json\/wp\/v2\/media?parent=42"}],"curies":[{"name":"wp","href":"https:\/\/api.w.org\/{rel}","templated":true}]}}