{"id":45,"date":"2020-03-20T21:30:51","date_gmt":"2020-03-20T20:30:51","guid":{"rendered":"http:\/\/ateliers.blopinterjection.com\/?page_id=45"},"modified":"2022-12-21T12:01:06","modified_gmt":"2022-12-21T11:01:06","slug":"atelier-theatre-fargues","status":"publish","type":"page","link":"https:\/\/ateliers.blopinterjection.com\/index.php\/ateliers-theatre\/atelier-theatre-fargues\/","title":{"rendered":"Atelier th\u00e9\u00e2tre Ecole Marie Rivier"},"content":{"rendered":"\n<p>Depuis plus de 20 ans, et depuis 2013 sous l&rsquo;\u00e9gide du<strong> Collectif<\/strong><em>blOp<\/em>, Fred Jouveaux intervient aupr\u00e8s des \u00e9l\u00e8ves du cycle 3 de l&rsquo;\u00e9cole Marie Rivier de Fargues Saint-Hilaire (33) pour y concevoir, \u00e9crire et mettre en sc\u00e8ne une cr\u00e9ation th\u00e9\u00e2trale originale. Chacune de ces cr\u00e9ations fait l&rsquo;objet de l&rsquo;\u00e9criture d&rsquo;un texte original \u00e9crit pour l\u2019occasion. Chaque projet s\u2019articule autour d\u2019une th\u00e9matique en lien avec le projet d&rsquo;\u00e9cole et met en sc\u00e8ne chaque ann\u00e9e environ 80 \u00e9l\u00e8ves-com\u00e9diens. <\/p>\n\n\n\n<p>Une ou plusieurs repr\u00e9sentations publiques ont lieu lors du dernier week-end de juin, soit au <em><strong>Carr\u00e9 des Forges<\/strong><\/em>, soit \u00e0 la salle des f\u00eates de Fargues Saint-Hilaire. Plus exceptionnellement, il est arriv\u00e9 que les \u00e9l\u00e8ves se produisent dans des parcs et\/ou espaces verts, ou dans les locaux de l&rsquo;\u00e9cole, pour des r\u00e9alisations con\u00e7ues sur le mode du spectacle d\u00e9ambulatoire.<\/p>\n\n\n\n<p>Les s\u00e9ances de travail d\u00e9butent chaque ann\u00e9e en janvier et se concluent par la &#8211; ou les- repr\u00e9sentation.s de juin.<\/p>\n\n\n\n<p>Depuis 2013, les th\u00e8mes abord\u00e9s ont \u00e9t\u00e9 divers et vari\u00e9s, mais sont le plus souvent en rapport avec des sujets sociaux et environnementaux qui traversent nos soci\u00e9t\u00e9s occidentales contemporaines : l&rsquo;histoire du th\u00e9\u00e2tre bien s\u00fbr, mais \u00e9galement l&rsquo;univers de la presse de son financement, avec en corollaire la question du journalisme d&rsquo;investigation, l&rsquo;envirronnement et la pollution, la Nouvelle Aquitaine et la question des r\u00e9gionalismes, la publicit\u00e9 et les nouvelles communications, les circuits courts et la grande distribution, l&rsquo;usage de l&rsquo;internet et ses d\u00e9rives&#8230;<\/p>\n\n\n\n<p>Le spectacle de 2023 aura pour th\u00e8me \u00ab\u00a0Les artistes\u00a0\u00bb et sera jou\u00e9 \u00e0 4 reprises les 1er et 2 juillet 2023 \u00e0 la salle des f\u00eates de Fargues Saint-Hilaire.<\/p>\n\n\n\n<p><\/p>\n","protected":false},"excerpt":{"rendered":"<p>Depuis plus de 20 ans, et depuis 2013 sous l&rsquo;\u00e9gide du CollectifblOp, Fred Jouveaux intervient aupr\u00e8s des \u00e9l\u00e8ves du cycle 3 de l&rsquo;\u00e9cole Marie Rivier de Fargues Saint-Hilaire (33) pour y concevoir, \u00e9crire et mettre en sc\u00e8ne une cr\u00e9ation th\u00e9\u00e2trale<\/p>\n","protected":false},"author":4,"featured_media":0,"parent":32,"menu_order":0,"comment_status":"closed","ping_status":"closed","template":"","meta":{"footnotes":""},"class_list":["post-45","page","type-page","status-publish","hentry"],"_links":{"self":[{"href":"https:\/\/ateliers.blopinterjection.com\/index.php\/wp-json\/wp\/v2\/pages\/45"}],"collection":[{"href":"https:\/\/ateliers.blopinterjection.com\/index.php\/wp-json\/wp\/v2\/pages"}],"about":[{"href":"https:\/\/ateliers.blopinterjection.com\/index.php\/wp-json\/wp\/v2\/types\/page"}],"author":[{"embeddable":true,"href":"https:\/\/ateliers.blopinterjection.com\/index.php\/wp-json\/wp\/v2\/users\/4"}],"replies":[{"embeddable":true,"href":"https:\/\/ateliers.blopinterjection.com\/index.php\/wp-json\/wp\/v2\/comments?post=45"}],"version-history":[{"count":14,"href":"https:\/\/ateliers.blopinterjection.com\/index.php\/wp-json\/wp\/v2\/pages\/45\/revisions"}],"predecessor-version":[{"id":4334,"href":"https:\/\/ateliers.blopinterjection.com\/index.php\/wp-json\/wp\/v2\/pages\/45\/revisions\/4334"}],"up":[{"embeddable":true,"href":"https:\/\/ateliers.blopinterjection.com\/index.php\/wp-json\/wp\/v2\/pages\/32"}],"wp:attachment":[{"href":"https:\/\/ateliers.blopinterjection.com\/index.php\/wp-json\/wp\/v2\/media?parent=45"}],"curies":[{"name":"wp","href":"https:\/\/api.w.org\/{rel}","templated":true}]}}