{"id":47,"date":"2020-03-20T21:31:13","date_gmt":"2020-03-20T20:31:13","guid":{"rendered":"http:\/\/ateliers.blopinterjection.com\/?page_id=47"},"modified":"2022-12-21T14:47:25","modified_gmt":"2022-12-21T13:47:25","slug":"atelier-floirac","status":"publish","type":"page","link":"https:\/\/ateliers.blopinterjection.com\/index.php\/ateliers-theatre\/atelier-floirac\/","title":{"rendered":"Les pratiques amateures"},"content":{"rendered":"\n<h3 class=\"wp-block-heading\"><strong>Des ateliers de cr\u00e9ation artistique&nbsp;pour tou.te.s :<\/strong><\/h3>\n\n\n\n<p>Depuis sa cr\u00e9ation en juin 2013, le <strong>Collectif blOp (interjection)<\/strong> a toujours plac\u00e9 au centre de son action le d\u00e9veloppement des pratiques amateures, que se soit \u00e0 travers des collaborations avec des institutions publiques ou sur la base de ses propres initiatives, qu&rsquo;il s&rsquo;agisse de travailler avec des publics avertis ou avec des pratiquant.e.s inexp\u00e9riment\u00e9s ou n\u00e9ophytes, et cela, tant en cr\u00e9ation th\u00e9\u00e2trale, qu&rsquo;en cr\u00e9ation musicale.<\/p>\n\n\n\n<p>Ainsi, au rang des partenariats qui se sont d\u00e9velopp\u00e9s au cours de ses ann\u00e9es, nous avons cr\u00e9\u00e9s de nombreux spectacles pour des institutions telles que l&rsquo;\u00e9cole \u00e9l\u00e9mentaire Marie Rivier de Fargues Saint-Hilaire, les coll\u00e8ges Pablo Neruda \u00e0 B\u00e8gles, Chamb\u00e9ry \u00e0 Villenave d&rsquo;Ornon et Manon Cormier \u00e0 Bassens, pour l&rsquo;Ecole Municipale de Musique et de Danse ou pour les m\u00e9diath\u00e8ques municipales de Floirac&#8230;<\/p>\n\n\n\n<p>Nous avons \u00e9galement d\u00e9velopp\u00e9 par le pass\u00e9 des ateliers de cr\u00e9ation th\u00e9\u00e2trale pour les enfants, les adolescents et les adultes, en partenariat avec la commune de Floirac, ainsi que des ateliers de pratique musicale \u00e0 Bordeaux.<\/p>\n\n\n\n<p>A ce jour, nous restons disponibles et ouverts \u00e0 de nouvelles collaborations avec de nouveaux partenaires. En 2023, nous travaillerons avec l&rsquo;\u00e9cole \u00e9l\u00e9mentaire de Latresne et en 2022 nous avons aid\u00e9 les m\u00e9diath\u00e9caires de Floirac \u00e0 mettre en sc\u00e8ne un spectacle m\u00ealant th\u00e9\u00e2tre d&rsquo;objets et ombres chinoises. Elles pr\u00e9senteront ce travail aux \u00e9l\u00e8ves des \u00e9coles \u00e9l\u00e9mentaires de Floirac dans le courant du premier trimestre 2023&#8230;<\/p>\n\n\n\n<p><\/p>\n\n\n\n<p><span style=\"text-decoration: underline;\">Pour plus d&rsquo;informations, contacter Fred Jouveaux (Th\u00e9\u00e2tre) :<\/span> <\/p>\n\n\n\n<p>tel : <strong>06 69 49 44 27<\/strong><\/p>\n\n\n\n<p>mail : <strong>contact@blopinterjection.com<\/strong><\/p>\n\n\n\n<p><span style=\"text-decoration: underline;\">Ou Jean-Philippe Tomasini (Musique) :<\/span> <\/p>\n\n\n\n<p>mail : <strong>contact@blopinterjection.com<\/strong><\/p>\n\n\n\n<p><\/p>\n\n\n\n<p><\/p>\n","protected":false},"excerpt":{"rendered":"<p>Des ateliers de cr\u00e9ation artistique&nbsp;pour tou.te.s : Depuis sa cr\u00e9ation en juin 2013, le Collectif blOp (interjection) a toujours plac\u00e9 au centre de son action le d\u00e9veloppement des pratiques amateures, que se soit \u00e0 travers des collaborations avec des institutions<\/p>\n","protected":false},"author":4,"featured_media":0,"parent":32,"menu_order":0,"comment_status":"closed","ping_status":"closed","template":"","meta":{"footnotes":""},"class_list":["post-47","page","type-page","status-publish","hentry"],"_links":{"self":[{"href":"https:\/\/ateliers.blopinterjection.com\/index.php\/wp-json\/wp\/v2\/pages\/47"}],"collection":[{"href":"https:\/\/ateliers.blopinterjection.com\/index.php\/wp-json\/wp\/v2\/pages"}],"about":[{"href":"https:\/\/ateliers.blopinterjection.com\/index.php\/wp-json\/wp\/v2\/types\/page"}],"author":[{"embeddable":true,"href":"https:\/\/ateliers.blopinterjection.com\/index.php\/wp-json\/wp\/v2\/users\/4"}],"replies":[{"embeddable":true,"href":"https:\/\/ateliers.blopinterjection.com\/index.php\/wp-json\/wp\/v2\/comments?post=47"}],"version-history":[{"count":30,"href":"https:\/\/ateliers.blopinterjection.com\/index.php\/wp-json\/wp\/v2\/pages\/47\/revisions"}],"predecessor-version":[{"id":4347,"href":"https:\/\/ateliers.blopinterjection.com\/index.php\/wp-json\/wp\/v2\/pages\/47\/revisions\/4347"}],"up":[{"embeddable":true,"href":"https:\/\/ateliers.blopinterjection.com\/index.php\/wp-json\/wp\/v2\/pages\/32"}],"wp:attachment":[{"href":"https:\/\/ateliers.blopinterjection.com\/index.php\/wp-json\/wp\/v2\/media?parent=47"}],"curies":[{"name":"wp","href":"https:\/\/api.w.org\/{rel}","templated":true}]}}